{"id":2612,"date":"2021-01-28T19:30:02","date_gmt":"2021-01-28T19:30:02","guid":{"rendered":"http:\/\/perspektiv.cz\/?page_id=2612"},"modified":"2021-01-28T19:30:54","modified_gmt":"2021-01-28T19:30:54","slug":"gdpr","status":"publish","type":"page","link":"https:\/\/perspektiv.cz\/en\/gdpr\/","title":{"rendered":"Z\u00e1sady ochrany osobn\u00edch \u00fadaj\u016f"},"content":{"rendered":"<h2><strong>\u010c\u00ed osobn\u00ed \u00fadaje zpracov\u00e1v\u00e1me?<\/strong><\/h2>\n<ol>\n<li>Klienti, z\u00e1jemci o na\u0161e slu\u017eby<\/li>\n<li>Osoby p\u0159ihl\u00e1\u0161en\u00e9 k\u00a0odb\u011bru newsletteru a podobn\u00fdch sd\u011blen\u00ed<\/li>\n<li>Na\u0161i smluvn\u00ed partne\u0159i a dodavatel\u00e9<\/li>\n<li>Dal\u0161\u00ed osoby v souvislosti s n\u00e1mi poskytovan\u00fdmi slu\u017ebam<\/li>\n<\/ol>\n<h3><strong>Klienti, z\u00e1jemci o na\u0161e slu\u017eby<\/strong><\/h3>\n<p><strong>\u00da\u010del zpracov\u00e1n\u00ed osobn\u00edch \u00fadaj\u016f<\/strong>:<\/p>\n<ul>\n<li>poskytov\u00e1n\u00ed architektonick\u00fdch slu\u017eeb a pln\u011bn\u00ed jin\u00fdch smluvn\u00edch povinnost\u00ed;<\/li>\n<li>veden\u00ed dokumentace o projektu klienta;<\/li>\n<li>pln\u011bn\u00ed povinnost\u00ed ze z\u00e1kon\u016f a stavovsk\u00fdch p\u0159edpis\u016f;<\/li>\n<li>uplat\u0148ov\u00e1n\u00ed n\u00e1rok\u016f ze smluvn\u00edch vztah\u016f;<\/li>\n<li>\u0161\u00ed\u0159en\u00ed aktualit, novinek a jin\u00fdch obchodn\u00edch sd\u011blen\u00ed<\/li>\n<\/ul>\n<p><strong>Zpracov\u00e1van\u00e9 osobn\u00ed \u00fadaje: <\/strong><\/p>\n<ul>\n<li>identifika\u010dn\u00ed \u00fadaje,<\/li>\n<li>kontaktn\u00ed \u00fadaje,<\/li>\n<li>informace o poskytnut\u00fdch slu\u017eb\u00e1ch a v\u00fdsledc\u00edch jedn\u00e1n\u00ed<\/li>\n<\/ul>\n<p><strong>Pr\u00e1vn\u00ed z\u00e1klad: <\/strong><\/p>\n<ul>\n<li>pln\u011bn\u00ed smlouvy,<\/li>\n<li>pln\u011bn\u00ed pr\u00e1vn\u00edch povinnost\u00ed,<\/li>\n<li>n\u00e1\u0161 opr\u00e1vn\u011bn\u00fd z\u00e1jem<\/li>\n<\/ul>\n<p><strong>Doba zpracov\u00e1n\u00ed:<\/strong><\/p>\n<ul>\n<li>po dobu trv\u00e1n\u00ed smlouvy o poskytov\u00e1n\u00ed slu\u017eeb a n\u00e1sledn\u011b 3 roky od ukon\u010den\u00ed smluvn\u00edho vztahu;<\/li>\n<li>je-li zah\u00e1jeno spr\u00e1vn\u00ed nebo soudn\u00ed \u0159\u00edzen\u00ed, pak po celou dobu t\u011bchto \u0159\u00edzen\u00ed;<\/li>\n<li>kontaktn\u00ed \u00fadaje do doby uplatn\u011bn\u00ed pr\u00e1va na v\u00fdmaz.<\/li>\n<\/ul>\n<h3><strong>Osoby p\u0159ihl\u00e1\u0161en\u00e9 k\u00a0odb\u011bru newsletteru a podobn\u00fdch sd\u011blen\u00ed<\/strong><\/h3>\n<p><strong>\u00da\u010del zpracov\u00e1n\u00ed osobn\u00edch \u00fadaj\u016f<\/strong>:<\/p>\n<ul>\n<li>\u0161\u00ed\u0159en\u00ed informac\u00ed, aktualit a dal\u0161\u00edch obchodn\u00edch sd\u011blen\u00ed o na\u0161\u00ed \u010dinnosti,<\/li>\n<\/ul>\n<p><strong>Zpracov\u00e1van\u00e9 osobn\u00ed \u00fadaje: <\/strong><\/p>\n<ul>\n<li>kontaktn\u00ed \u00fadaje,<\/li>\n<\/ul>\n<p><strong>Pr\u00e1vn\u00ed z\u00e1klad: <\/strong><\/p>\n<ul>\n<li>souhlas adres\u00e1ta<\/li>\n<\/ul>\n<p><strong>Doba zpracov\u00e1n\u00ed:<\/strong><\/p>\n<ul>\n<li>Na dobu neur\u010ditou a\u017e do doby uplatn\u011bn\u00ed pr\u00e1va na v\u00fdmaz.<\/li>\n<\/ul>\n<h3><strong>Na\u0161i smluvn\u00ed partne\u0159i a dodavatel\u00e9<\/strong><\/h3>\n<p><strong>\u00da\u010del zpracov\u00e1n\u00ed osobn\u00edch \u00fadaj\u016f<\/strong>:<\/p>\n<ul>\n<li>poskytov\u00e1n\u00ed architektonick\u00fdch slu\u017eeb a pln\u011bn\u00ed jin\u00fdch smluvn\u00edch povinnost\u00ed;<\/li>\n<li>pln\u011bn\u00ed povinnost\u00ed ze z\u00e1kon\u016f a stavovsk\u00fdch p\u0159edpis\u016f;<\/li>\n<li>uplat\u0148ov\u00e1n\u00ed n\u00e1rok\u016f ze smluvn\u00edch vztah\u016f;<\/li>\n<li>\u0161\u00ed\u0159en\u00ed aktualit, novinek a jin\u00fdch obchodn\u00edch sd\u011blen\u00ed<\/li>\n<\/ul>\n<p><strong>Zpracov\u00e1van\u00e9 osobn\u00ed \u00fadaje: <\/strong><\/p>\n<ul>\n<li>identifika\u010dn\u00ed \u00fadaje,<\/li>\n<li>kontaktn\u00ed \u00fadaje,<\/li>\n<li>informace o poskytnut\u00fdch slu\u017eb\u00e1ch a v\u00fdsledc\u00edch jedn\u00e1n\u00ed<\/li>\n<\/ul>\n<p><strong>Pr\u00e1vn\u00ed z\u00e1klad: <\/strong><\/p>\n<ul>\n<li>pln\u011bn\u00ed smlouvy,<\/li>\n<li>pln\u011bn\u00ed pr\u00e1vn\u00edch povinnost\u00ed,<\/li>\n<li>n\u00e1\u0161 opr\u00e1vn\u011bn\u00fd z\u00e1jem<\/li>\n<\/ul>\n<p><strong>Doba zpracov\u00e1n\u00ed:<\/strong><\/p>\n<ul>\n<li>po dobu trv\u00e1n\u00ed smlouvy o poskytov\u00e1n\u00ed slu\u017eeb a n\u00e1sledn\u011b 3 roky od ukon\u010den\u00ed smluvn\u00edho vztahu;<\/li>\n<li>je-li zah\u00e1jeno spr\u00e1vn\u00ed nebo soudn\u00ed \u0159\u00edzen\u00ed, pak po celou dobu t\u011bchto \u0159\u00edzen\u00ed;<\/li>\n<li>kontaktn\u00ed \u00fadaje do doby uplatn\u011bn\u00ed pr\u00e1va na v\u00fdmaz.<\/li>\n<\/ul>\n<h3><strong>Dal\u0161\u00ed osoby v\u00a0souvislosti s\u00a0n\u00e1mi poskytovan\u00fdmi slu\u017ebami<\/strong><\/h3>\n<p><strong>\u00da\u010del zpracov\u00e1n\u00ed osobn\u00edch \u00fadaj\u016f<\/strong>:<\/p>\n<ul>\n<li>pln\u011bn\u00ed smlouvy,<\/li>\n<li>pln\u011bn\u00ed pr\u00e1vn\u00edch povinnost\u00ed,<\/li>\n<li>\u0161\u00ed\u0159en\u00ed aktualit, novinek a jin\u00fdch obchodn\u00edch sd\u011blen\u00ed<\/li>\n<\/ul>\n<p><strong>Zpracov\u00e1van\u00e9 osobn\u00ed \u00fadaje: <\/strong><\/p>\n<ul>\n<li>identifika\u010dn\u00ed \u00fadaje,<\/li>\n<li>kontaktn\u00ed \u00fadaje,<\/li>\n<li>informace o poskytnut\u00fdch slu\u017eb\u00e1ch a v\u00fdsledc\u00edch jedn\u00e1n\u00ed<\/li>\n<\/ul>\n<p><strong>Pr\u00e1vn\u00ed z\u00e1klad: <\/strong><\/p>\n<ul>\n<li>pln\u011bn\u00ed smlouvy,<\/li>\n<li>pln\u011bn\u00ed pr\u00e1vn\u00edch povinnost\u00ed,<\/li>\n<li>n\u00e1\u0161 opr\u00e1vn\u011bn\u00fd z\u00e1jem<\/li>\n<\/ul>\n<p><strong>Doba zpracov\u00e1n\u00ed:<\/strong><\/p>\n<ul>\n<li>po dobu trv\u00e1n\u00ed smlouvy o poskytov\u00e1n\u00ed slu\u017eeb a n\u00e1sledn\u011b 3 roky od ukon\u010den\u00ed smluvn\u00edho vztahu;<\/li>\n<li>je-li zah\u00e1jeno spr\u00e1vn\u00ed nebo soudn\u00ed \u0159\u00edzen\u00ed, pak po celou dobu t\u011bchto \u0159\u00edzen\u00ed;<\/li>\n<li>kontaktn\u00ed \u00fadaje do doby uplatn\u011bn\u00ed pr\u00e1va na v\u00fdmaz.<\/li>\n<\/ul>\n<h2><strong>Komu Va\u0161e \u00fadaje p\u0159ed\u00e1v\u00e1me?<\/strong><strong>\u00a0<\/strong><\/h2>\n<p>Nemus\u00edte m\u00edt obavy, Va\u0161e osobn\u00ed \u00fadaje jsou u n\u00e1s v\u00a0bezpe\u010d\u00ed. Pokud v\u0161ak mus\u00edme, p\u0159ed\u00e1v\u00e1me Va\u0161e osobn\u00ed \u00fadaje d\u00e1le. V\u00a0sou\u010dasn\u00e9 dob\u011b p\u0159ed\u00e1v\u00e1me Va\u0161e osobn\u00ed \u00fadaje t\u011bmto subjekt\u016fm:<\/p>\n<ul>\n<li>MR Consulting (veden\u00ed \u00fa\u010detnictv\u00ed);<\/li>\n<li>Mailchimp (provozovatel software pro e-mail marketing),<\/li>\n<li>org\u00e1n\u016fm ve\u0159ejn\u00e9 moci a jin\u00fdm subjekt\u016fm, jestli\u017ee to vy\u017eaduje platn\u00fd pr\u00e1vn\u00ed p\u0159edpis.<\/li>\n<\/ul>\n<h2><strong>Jak\u00e1 m\u00e1te pr\u00e1va?<\/strong><\/h2>\n<p>Va\u0161e pr\u00e1va upravuje zejm\u00e9na z\u00e1kon \u010d. 110\/2019 Sb. o zpracov\u00e1n\u00ed osobn\u00edch \u00fadaj\u016f (ZZOS) a na\u0159\u00edzen\u00ed \u010d. 2016\/679 ze dne 27. dubna 2016 o ochran\u011b fyzick\u00fdch osob v souvislosti se zpracov\u00e1n\u00edm osobn\u00edch \u00fadaj\u016f a o voln\u00e9m pohybu t\u011bchto \u00fadaj\u016f (GDPR).<\/p>\n<p>Na z\u00e1klad\u011b t\u011bchto p\u0159edpis\u016f m\u00e1te pr\u00e1vo:<\/p>\n<ul>\n<li>po\u017eadovat od n\u00e1s p\u0159\u00edstup k\u00a0Va\u0161im osobn\u00edm \u00fadaj\u016fm<\/li>\n<li>odvolat sv\u016fj souhlas se zpracov\u00e1n\u00edm osobn\u00edch \u00fadaj\u016f<\/li>\n<li>po\u017eadovat opravu osobn\u00edch \u00fadaj\u016f<\/li>\n<li>po\u017eadovat omezen\u00ed zpracov\u00e1n\u00ed osobn\u00edch \u00fadaj\u016f<\/li>\n<li>po\u017eadovat v\u00fdmaz \u00fadaj\u016f<\/li>\n<li>vzn\u00e9st n\u00e1mitku proti zpracov\u00e1n\u00ed osobn\u00edch \u00fadaj\u016f<\/li>\n<li>na p\u0159enositelnost \u00fadaj\u016f jin\u00e9mu spr\u00e1vci.<\/li>\n<li>neb\u00fdt p\u0159edm\u011btem \u017e\u00e1dn\u00e9ho rozhodnut\u00ed zalo\u017een\u00e9ho v\u00fdhradn\u011b na automatizovan\u00e9m zpracov\u00e1n\u00ed, v\u010detn\u011b profilov\u00e1n\u00ed<\/li>\n<li>z\u00edskat informace o poru\u0161en\u00ed zabezpe\u010den\u00ed Va\u0161ich osobn\u00edch \u00fadaj\u016f<\/li>\n<li>podat st\u00ed\u017enost u \u00da\u0159adu pro ochranu osobn\u00edch \u00fadaj\u016f (Pplk. Sochora 27 170 00 Praha 7, telefon: 234 665\u00a0111, E-mail: <a href=\"mailto:posta@uoou.cz\">posta@uoou.cz<\/a>, Datov\u00e1 schr\u00e1nka: qkbaa2n, www.uoou.cz)<\/li>\n<\/ul>\n<p>V\u00a0p\u0159\u00edpad\u011b jak\u00e9hokoliv dotazu \u010di probl\u00e9mu se na n\u00e1s nev\u00e1hejte obr\u00e1tit!<\/p>\n","protected":false},"excerpt":{"rendered":"<p>\u010c\u00ed osobn\u00ed \u00fadaje zpracov\u00e1v\u00e1me? Klienti, z\u00e1jemci o na\u0161e slu\u017eby Osoby p\u0159ihl\u00e1\u0161en\u00e9 k\u00a0odb\u011bru newsletteru a podobn\u00fdch sd\u011blen\u00ed Na\u0161i smluvn\u00ed partne\u0159i a dodavatel\u00e9 Dal\u0161\u00ed osoby v souvislosti s n\u00e1mi poskytovan\u00fdmi slu\u017ebam Klienti, z\u00e1jemci o na\u0161e slu\u017eby \u00da\u010del zpracov\u00e1n\u00ed osobn\u00edch \u00fadaj\u016f: poskytov\u00e1n\u00ed architektonick\u00fdch slu\u017eeb a pln\u011bn\u00ed jin\u00fdch smluvn\u00edch povinnost\u00ed; veden\u00ed dokumentace o projektu klienta; pln\u011bn\u00ed povinnost\u00ed ze z\u00e1kon\u016f &hellip; <a href=\"https:\/\/perspektiv.cz\/en\/gdpr\/\">Continued<\/a><\/p>\n","protected":false},"author":1,"featured_media":0,"parent":0,"menu_order":10,"comment_status":"closed","ping_status":"closed","template":"","meta":{"_acf_changed":false,"inline_featured_image":false,"footnotes":""},"class_list":["post-2612","page","type-page","status-publish","hentry"],"acf":[],"_links":{"self":[{"href":"https:\/\/perspektiv.cz\/en\/wp-json\/wp\/v2\/pages\/2612","targetHints":{"allow":["GET"]}}],"collection":[{"href":"https:\/\/perspektiv.cz\/en\/wp-json\/wp\/v2\/pages"}],"about":[{"href":"https:\/\/perspektiv.cz\/en\/wp-json\/wp\/v2\/types\/page"}],"author":[{"embeddable":true,"href":"https:\/\/perspektiv.cz\/en\/wp-json\/wp\/v2\/users\/1"}],"replies":[{"embeddable":true,"href":"https:\/\/perspektiv.cz\/en\/wp-json\/wp\/v2\/comments?post=2612"}],"version-history":[{"count":3,"href":"https:\/\/perspektiv.cz\/en\/wp-json\/wp\/v2\/pages\/2612\/revisions"}],"predecessor-version":[{"id":2615,"href":"https:\/\/perspektiv.cz\/en\/wp-json\/wp\/v2\/pages\/2612\/revisions\/2615"}],"wp:attachment":[{"href":"https:\/\/perspektiv.cz\/en\/wp-json\/wp\/v2\/media?parent=2612"}],"curies":[{"name":"wp","href":"https:\/\/api.w.org\/{rel}","templated":true}]}}