{"id":30491,"date":"2025-08-12T14:34:44","date_gmt":"2025-08-12T14:34:44","guid":{"rendered":"https:\/\/perspektiv.cz\/restaurants-innenraeume-mit-geschmack-atmosphaere-und-verantwortung\/"},"modified":"2025-08-12T14:34:44","modified_gmt":"2025-08-12T14:34:44","slug":"restaurants-innenraeume-mit-geschmack-atmosphaere-und-verantwortung","status":"publish","type":"page","link":"https:\/\/perspektiv.cz\/de\/restaurants-innenraeume-mit-geschmack-atmosphaere-und-verantwortung\/","title":{"rendered":"Restaurants: Innenr\u00e4ume mit Geschmack, Atmosph\u00e4re und Verantwortung"},"content":{"rendered":"<h1>Restaurants: Innenr\u00e4ume mit Geschmack, Atmosph\u00e4re und Verantwortung<\/h1>\n","protected":false},"excerpt":{"rendered":"<p>Restaurants: Innenr\u00e4ume mit Geschmack, Atmosph\u00e4re und Verantwortung<\/p>\n","protected":false},"author":1,"featured_media":30211,"parent":0,"menu_order":0,"comment_status":"closed","ping_status":"closed","template":"modular.blade.php","meta":{"_acf_changed":false,"inline_featured_image":false,"footnotes":""},"class_list":["post-30491","page","type-page","status-publish","has-post-thumbnail","hentry"],"acf":[],"_links":{"self":[{"href":"https:\/\/perspektiv.cz\/de\/wp-json\/wp\/v2\/pages\/30491","targetHints":{"allow":["GET"]}}],"collection":[{"href":"https:\/\/perspektiv.cz\/de\/wp-json\/wp\/v2\/pages"}],"about":[{"href":"https:\/\/perspektiv.cz\/de\/wp-json\/wp\/v2\/types\/page"}],"author":[{"embeddable":true,"href":"https:\/\/perspektiv.cz\/de\/wp-json\/wp\/v2\/users\/1"}],"replies":[{"embeddable":true,"href":"https:\/\/perspektiv.cz\/de\/wp-json\/wp\/v2\/comments?post=30491"}],"version-history":[{"count":0,"href":"https:\/\/perspektiv.cz\/de\/wp-json\/wp\/v2\/pages\/30491\/revisions"}],"wp:featuredmedia":[{"embeddable":true,"href":"https:\/\/perspektiv.cz\/de\/wp-json\/wp\/v2\/media\/30211"}],"wp:attachment":[{"href":"https:\/\/perspektiv.cz\/de\/wp-json\/wp\/v2\/media?parent=30491"}],"curies":[{"name":"wp","href":"https:\/\/api.w.org\/{rel}","templated":true}]}}