{"id":30422,"date":"2025-07-28T11:33:39","date_gmt":"2025-07-28T11:33:39","guid":{"rendered":"https:\/\/perspektiv.cz\/buerogebaeude-effizient-nachhaltig-und-eingebettet-in-den-staedtischen-kontext\/"},"modified":"2025-07-28T11:33:39","modified_gmt":"2025-07-28T11:33:39","slug":"buerogebaeude-effizient-nachhaltig-und-eingebettet-in-den-staedtischen-kontext","status":"publish","type":"page","link":"https:\/\/perspektiv.cz\/de\/buerogebaeude-effizient-nachhaltig-und-eingebettet-in-den-staedtischen-kontext\/","title":{"rendered":"B\u00fcrogeb\u00e4ude: effizient, nachhaltig und eingebettet in den st\u00e4dtischen Kontext"},"content":{"rendered":"<h1>B\u00fcrogeb\u00e4ude: effizient, nachhaltig und eingebettet in den st\u00e4dtischen Kontext<\/h1>\n","protected":false},"excerpt":{"rendered":"<p>B\u00fcrogeb\u00e4ude: effizient, nachhaltig und eingebettet in den st\u00e4dtischen Kontext<\/p>\n","protected":false},"author":1,"featured_media":30020,"parent":0,"menu_order":0,"comment_status":"closed","ping_status":"closed","template":"modular.blade.php","meta":{"_acf_changed":false,"inline_featured_image":false,"footnotes":""},"class_list":["post-30422","page","type-page","status-publish","has-post-thumbnail","hentry"],"acf":[],"_links":{"self":[{"href":"https:\/\/perspektiv.cz\/de\/wp-json\/wp\/v2\/pages\/30422","targetHints":{"allow":["GET"]}}],"collection":[{"href":"https:\/\/perspektiv.cz\/de\/wp-json\/wp\/v2\/pages"}],"about":[{"href":"https:\/\/perspektiv.cz\/de\/wp-json\/wp\/v2\/types\/page"}],"author":[{"embeddable":true,"href":"https:\/\/perspektiv.cz\/de\/wp-json\/wp\/v2\/users\/1"}],"replies":[{"embeddable":true,"href":"https:\/\/perspektiv.cz\/de\/wp-json\/wp\/v2\/comments?post=30422"}],"version-history":[{"count":0,"href":"https:\/\/perspektiv.cz\/de\/wp-json\/wp\/v2\/pages\/30422\/revisions"}],"wp:featuredmedia":[{"embeddable":true,"href":"https:\/\/perspektiv.cz\/de\/wp-json\/wp\/v2\/media\/30020"}],"wp:attachment":[{"href":"https:\/\/perspektiv.cz\/de\/wp-json\/wp\/v2\/media?parent=30422"}],"curies":[{"name":"wp","href":"https:\/\/api.w.org\/{rel}","templated":true}]}}