{"id":4043,"date":"2020-10-13T13:39:03","date_gmt":"2020-10-13T13:39:03","guid":{"rendered":"https:\/\/perspektiv.cz\/homepage\/"},"modified":"2025-05-12T07:08:06","modified_gmt":"2025-05-12T07:08:06","slug":"homepage","status":"publish","type":"page","link":"https:\/\/perspektiv.cz\/cs\/","title":{"rendered":"Homepage"},"content":{"rendered":"<h1><a href=\"https:\/\/perspektiv.cz\/cs\/projekty\/\">Kontextu\u00e1ln\u00ed architektura a projekce ve v\u0161ech m\u011b\u0159\u00edtk\u00e1ch<\/a><\/h1>\n","protected":false},"excerpt":{"rendered":"<p>Kontextu\u00e1ln\u00ed architektura a projekce ve v\u0161ech m\u011b\u0159\u00edtk\u00e1ch<\/p>\n","protected":false},"author":1,"featured_media":26100,"parent":0,"menu_order":0,"comment_status":"closed","ping_status":"closed","template":"","meta":{"_acf_changed":false,"inline_featured_image":false,"footnotes":""},"class_list":["post-4043","page","type-page","status-publish","has-post-thumbnail","hentry"],"acf":[],"_links":{"self":[{"href":"https:\/\/perspektiv.cz\/cs\/wp-json\/wp\/v2\/pages\/4043","targetHints":{"allow":["GET"]}}],"collection":[{"href":"https:\/\/perspektiv.cz\/cs\/wp-json\/wp\/v2\/pages"}],"about":[{"href":"https:\/\/perspektiv.cz\/cs\/wp-json\/wp\/v2\/types\/page"}],"author":[{"embeddable":true,"href":"https:\/\/perspektiv.cz\/cs\/wp-json\/wp\/v2\/users\/1"}],"replies":[{"embeddable":true,"href":"https:\/\/perspektiv.cz\/cs\/wp-json\/wp\/v2\/comments?post=4043"}],"version-history":[{"count":56,"href":"https:\/\/perspektiv.cz\/cs\/wp-json\/wp\/v2\/pages\/4043\/revisions"}],"predecessor-version":[{"id":28985,"href":"https:\/\/perspektiv.cz\/cs\/wp-json\/wp\/v2\/pages\/4043\/revisions\/28985"}],"wp:featuredmedia":[{"embeddable":true,"href":"https:\/\/perspektiv.cz\/cs\/wp-json\/wp\/v2\/media\/26100"}],"wp:attachment":[{"href":"https:\/\/perspektiv.cz\/cs\/wp-json\/wp\/v2\/media?parent=4043"}],"curies":[{"name":"wp","href":"https:\/\/api.w.org\/{rel}","templated":true}]}}