{"id":30165,"date":"2025-08-12T14:34:44","date_gmt":"2025-08-12T14:34:44","guid":{"rendered":"https:\/\/perspektiv.cz\/?page_id=30165"},"modified":"2025-09-19T09:11:26","modified_gmt":"2025-09-19T09:11:26","slug":"restaurace","status":"publish","type":"page","link":"https:\/\/perspektiv.cz\/cs\/restaurace\/","title":{"rendered":"Restaurace: interi\u00e9ry s chut\u00ed, atmosf\u00e9rou a odpov\u011bdnost\u00ed"},"content":{"rendered":"<h1>Restaurace: interi\u00e9ry s chut\u00ed, atmosf\u00e9rou a odpov\u011bdnost\u00ed<\/h1>\n","protected":false},"excerpt":{"rendered":"<p>Restaurace: interi\u00e9ry s chut\u00ed, atmosf\u00e9rou a odpov\u011bdnost\u00ed<\/p>\n","protected":false},"author":1,"featured_media":30209,"parent":0,"menu_order":0,"comment_status":"closed","ping_status":"closed","template":"modular.blade.php","meta":{"_acf_changed":false,"inline_featured_image":false,"footnotes":""},"class_list":["post-30165","page","type-page","status-publish","has-post-thumbnail","hentry"],"acf":[],"_links":{"self":[{"href":"https:\/\/perspektiv.cz\/cs\/wp-json\/wp\/v2\/pages\/30165","targetHints":{"allow":["GET"]}}],"collection":[{"href":"https:\/\/perspektiv.cz\/cs\/wp-json\/wp\/v2\/pages"}],"about":[{"href":"https:\/\/perspektiv.cz\/cs\/wp-json\/wp\/v2\/types\/page"}],"author":[{"embeddable":true,"href":"https:\/\/perspektiv.cz\/cs\/wp-json\/wp\/v2\/users\/1"}],"replies":[{"embeddable":true,"href":"https:\/\/perspektiv.cz\/cs\/wp-json\/wp\/v2\/comments?post=30165"}],"version-history":[{"count":5,"href":"https:\/\/perspektiv.cz\/cs\/wp-json\/wp\/v2\/pages\/30165\/revisions"}],"predecessor-version":[{"id":30486,"href":"https:\/\/perspektiv.cz\/cs\/wp-json\/wp\/v2\/pages\/30165\/revisions\/30486"}],"wp:featuredmedia":[{"embeddable":true,"href":"https:\/\/perspektiv.cz\/cs\/wp-json\/wp\/v2\/media\/30209"}],"wp:attachment":[{"href":"https:\/\/perspektiv.cz\/cs\/wp-json\/wp\/v2\/media?parent=30165"}],"curies":[{"name":"wp","href":"https:\/\/api.w.org\/{rel}","templated":true}]}}