{"id":30099,"date":"2025-08-12T13:03:09","date_gmt":"2025-08-12T13:03:09","guid":{"rendered":"https:\/\/perspektiv.cz\/?page_id=30099"},"modified":"2025-09-19T09:04:35","modified_gmt":"2025-09-19T09:04:35","slug":"nadrazi-a-dopravni-terminaly","status":"publish","type":"page","link":"https:\/\/perspektiv.cz\/cs\/nadrazi-a-dopravni-terminaly\/","title":{"rendered":"N\u00e1dra\u017e\u00ed a dopravn\u00ed termin\u00e1ly: architektura pohybu, spojen\u00ed a orientace"},"content":{"rendered":"<h1>N\u00e1dra\u017e\u00ed a dopravn\u00ed termin\u00e1ly: architektura pohybu, spojen\u00ed a orientace<\/h1>\n","protected":false},"excerpt":{"rendered":"<p>N\u00e1dra\u017e\u00ed a dopravn\u00ed termin\u00e1ly: architektura pohybu, spojen\u00ed a orientace<\/p>\n","protected":false},"author":1,"featured_media":30106,"parent":0,"menu_order":0,"comment_status":"closed","ping_status":"closed","template":"modular.blade.php","meta":{"_acf_changed":false,"inline_featured_image":false,"footnotes":""},"class_list":["post-30099","page","type-page","status-publish","has-post-thumbnail","hentry"],"acf":[],"_links":{"self":[{"href":"https:\/\/perspektiv.cz\/cs\/wp-json\/wp\/v2\/pages\/30099","targetHints":{"allow":["GET"]}}],"collection":[{"href":"https:\/\/perspektiv.cz\/cs\/wp-json\/wp\/v2\/pages"}],"about":[{"href":"https:\/\/perspektiv.cz\/cs\/wp-json\/wp\/v2\/types\/page"}],"author":[{"embeddable":true,"href":"https:\/\/perspektiv.cz\/cs\/wp-json\/wp\/v2\/users\/1"}],"replies":[{"embeddable":true,"href":"https:\/\/perspektiv.cz\/cs\/wp-json\/wp\/v2\/comments?post=30099"}],"version-history":[{"count":6,"href":"https:\/\/perspektiv.cz\/cs\/wp-json\/wp\/v2\/pages\/30099\/revisions"}],"predecessor-version":[{"id":30468,"href":"https:\/\/perspektiv.cz\/cs\/wp-json\/wp\/v2\/pages\/30099\/revisions\/30468"}],"wp:featuredmedia":[{"embeddable":true,"href":"https:\/\/perspektiv.cz\/cs\/wp-json\/wp\/v2\/media\/30106"}],"wp:attachment":[{"href":"https:\/\/perspektiv.cz\/cs\/wp-json\/wp\/v2\/media?parent=30099"}],"curies":[{"name":"wp","href":"https:\/\/api.w.org\/{rel}","templated":true}]}}