{"id":27106,"date":"2024-10-15T15:03:43","date_gmt":"2024-10-15T15:03:43","guid":{"rendered":"https:\/\/perspektiv.cz\/?page_id=27106"},"modified":"2024-11-25T17:33:50","modified_gmt":"2024-11-25T17:33:50","slug":"expertiza","status":"publish","type":"page","link":"https:\/\/perspektiv.cz\/cs\/expertiza\/","title":{"rendered":"Expertiza"},"content":{"rendered":"<p class=\"text-label\">expertiza<\/p>\n<h1>Specializujeme se na komplexn\u00ed<br \/>\nprojekty r\u016fzn\u00e9ho rozsahu<\/h1>\n","protected":false},"excerpt":{"rendered":"<p>expertiza Specializujeme se na komplexn\u00ed projekty r\u016fzn\u00e9ho rozsahu<\/p>\n","protected":false},"author":1,"featured_media":0,"parent":0,"menu_order":3,"comment_status":"closed","ping_status":"closed","template":"expertise-new.blade.php","meta":{"_acf_changed":false,"inline_featured_image":false,"footnotes":""},"class_list":["post-27106","page","type-page","status-publish","hentry"],"acf":[],"_links":{"self":[{"href":"https:\/\/perspektiv.cz\/cs\/wp-json\/wp\/v2\/pages\/27106","targetHints":{"allow":["GET"]}}],"collection":[{"href":"https:\/\/perspektiv.cz\/cs\/wp-json\/wp\/v2\/pages"}],"about":[{"href":"https:\/\/perspektiv.cz\/cs\/wp-json\/wp\/v2\/types\/page"}],"author":[{"embeddable":true,"href":"https:\/\/perspektiv.cz\/cs\/wp-json\/wp\/v2\/users\/1"}],"replies":[{"embeddable":true,"href":"https:\/\/perspektiv.cz\/cs\/wp-json\/wp\/v2\/comments?post=27106"}],"version-history":[{"count":13,"href":"https:\/\/perspektiv.cz\/cs\/wp-json\/wp\/v2\/pages\/27106\/revisions"}],"predecessor-version":[{"id":27417,"href":"https:\/\/perspektiv.cz\/cs\/wp-json\/wp\/v2\/pages\/27106\/revisions\/27417"}],"wp:attachment":[{"href":"https:\/\/perspektiv.cz\/cs\/wp-json\/wp\/v2\/media?parent=27106"}],"curies":[{"name":"wp","href":"https:\/\/api.w.org\/{rel}","templated":true}]}}